{"id":1965,"date":"2023-07-06T19:06:08","date_gmt":"2023-07-06T17:06:08","guid":{"rendered":"https:\/\/agency-in-ai.org\/imprint\/"},"modified":"2024-06-19T17:02:04","modified_gmt":"2024-06-19T15:02:04","slug":"imprint","status":"publish","type":"page","link":"https:\/\/agency-in-ai.org\/en\/imprint\/","title":{"rendered":"Imprint"},"content":{"rendered":"<p>[et_pb_section fb_built=&#8221;1&#8243; admin_label=&#8221;section&#8221; _builder_version=&#8221;4.16&#8243; global_colors_info=&#8221;{}&#8221;][et_pb_row admin_label=&#8221;row&#8221; _builder_version=&#8221;4.16&#8243; background_size=&#8221;initial&#8221; background_position=&#8221;top_left&#8221; background_repeat=&#8221;repeat&#8221; global_colors_info=&#8221;{}&#8221;][et_pb_column type=&#8221;4_4&#8243; _builder_version=&#8221;4.16&#8243; custom_padding=&#8221;|||&#8221; global_colors_info=&#8221;{}&#8221; custom_padding__hover=&#8221;|||&#8221;][et_pb_text admin_label=&#8221;Text&#8221; _builder_version=&#8221;4.25.0&#8243; background_size=&#8221;initial&#8221; background_position=&#8221;top_left&#8221; background_repeat=&#8221;repeat&#8221; hover_enabled=&#8221;0&#8243; global_colors_info=&#8221;{}&#8221; sticky_enabled=&#8221;0&#8243;]<\/p>\n<h1>Site Notice<\/h1>\n<p>Burkhard Pahl &amp; Alexander Piotrowski<br \/>Founders<br \/>Knaackstra\u00dfe 84<br \/>10435 Berlin<\/p>\n<h2>Contact<\/h2>\n<p>Phone: +4930 44047334 (AM)<br \/>E-mail: hello@agency-in-ai.org<\/p>\n<h2>Person responsible for editorial<\/h2>\n<p>Burkhard Pahl &amp; Alexander Piotrowski<br \/>Knaackstra\u00dfe 84<br \/>10435 Berlin<\/p>\n<h2>EU dispute resolution<\/h2>\n<p>The European Commission provides a platform for online dispute resolution (ODR): <a href=\"https:\/\/ec.europa.eu\/consumers\/odr\/\" target=\"_blank\" rel=\"noopener noreferrer\">https:\/\/ec.europa.eu\/consumers\/odr\/<\/a>.<br \/>Our e-mail address can be found above in the site notice.<\/p>\n<h2>Dispute resolution proceedings in front of a consumer arbitration board<\/h2>\n<p>We participate in a dispute settlement procedure before a consumer arbitration board. The competent consumer arbitration board is Zentrum f\u00fcr Schlichtung e.V., Stra\u00dfburger Stra\u00dfe 8, 77694 Kehl am Rhein (<a href=\"https:\/\/www.verbraucher-schlichter.de\" target=\"_blank\" rel=\"noopener noreferrer\">https:\/\/www.verbraucher-schlichter.de<\/a>).<\/p>\n<h2>Central contact point according to the Digital Services Act &#8211; DSA (Regulation (EU) 2022\/265)<\/h2>\n<p>You can reach our central contact point for users and authorities in accordance with Art. 11, 12 DSA as follows:<\/p>\n<p>E-mail: hello@agency-in-ai.org<\/p>\n<p>The languages available for contact are: German, English.<\/p>\n<p>[\/et_pb_text][\/et_pb_column][\/et_pb_row][\/et_pb_section]<\/p>\n","protected":false},"excerpt":{"rendered":"<p>Site Notice Burkhard Pahl &amp; Alexander PiotrowskiFoundersKnaackstra\u00dfe 8410435 Berlin Contact Phone: +4930 44047334 (AM)E-mail: hello@agency-in-ai.org Person responsible for editorial Burkhard Pahl &amp; Alexander PiotrowskiKnaackstra\u00dfe 8410435 Berlin EU dispute resolution The European Commission provides a platform for online dispute resolution (ODR): https:\/\/ec.europa.eu\/consumers\/odr\/.Our e-mail address can be found above in the site notice. Dispute resolution proceedings in [&hellip;]<\/p>\n","protected":false},"author":1,"featured_media":0,"parent":0,"menu_order":0,"comment_status":"closed","ping_status":"closed","template":"","meta":{"_et_pb_use_builder":"on","_et_pb_old_content":"","_et_gb_content_width":"","footnotes":""},"class_list":["post-1965","page","type-page","status-publish","hentry"],"yoast_head":"<!-- This site is optimized with the Yoast SEO plugin v23.9 - https:\/\/yoast.com\/wordpress\/plugins\/seo\/ -->\n<title>Imprint | Agency in AI<\/title>\n<meta name=\"robots\" content=\"index, follow, max-snippet:-1, max-image-preview:large, max-video-preview:-1\" \/>\n<link rel=\"canonical\" href=\"https:\/\/agency-in-ai.org\/en\/imprint\/\" \/>\n<meta property=\"og:locale\" content=\"en_US\" \/>\n<meta property=\"og:type\" content=\"article\" \/>\n<meta property=\"og:title\" content=\"Imprint | Agency in AI\" \/>\n<meta property=\"og:description\" content=\"Site Notice Burkhard Pahl &amp; Alexander PiotrowskiFoundersKnaackstra\u00dfe 8410435 Berlin Contact Phone: +4930 44047334 (AM)E-mail: hello@agency-in-ai.org Person responsible for editorial Burkhard Pahl &amp; Alexander PiotrowskiKnaackstra\u00dfe 8410435 Berlin EU dispute resolution The European Commission provides a platform for online dispute resolution (ODR): https:\/\/ec.europa.eu\/consumers\/odr\/.Our e-mail address can be found above in the site notice. Dispute resolution proceedings in [&hellip;]\" \/>\n<meta property=\"og:url\" content=\"https:\/\/agency-in-ai.org\/en\/imprint\/\" \/>\n<meta property=\"og:site_name\" content=\"Agency in AI\" \/>\n<meta property=\"article:modified_time\" content=\"2024-06-19T15:02:04+00:00\" \/>\n<meta property=\"og:image\" content=\"https:\/\/agency-in-ai.org\/wp-content\/uploads\/2024\/04\/5087b61e-3f57-4031-bbb3-fbc0631a8c48_web.jpg\" \/>\n\t<meta property=\"og:image:width\" content=\"500\" \/>\n\t<meta property=\"og:image:height\" content=\"500\" \/>\n\t<meta property=\"og:image:type\" content=\"image\/jpeg\" \/>\n<meta name=\"twitter:card\" content=\"summary_large_image\" \/>\n<meta name=\"twitter:label1\" content=\"Est. reading time\" \/>\n\t<meta name=\"twitter:data1\" content=\"1 minute\" \/>\n<script type=\"application\/ld+json\" class=\"yoast-schema-graph\">{\"@context\":\"https:\/\/schema.org\",\"@graph\":[{\"@type\":\"WebPage\",\"@id\":\"https:\/\/agency-in-ai.org\/en\/imprint\/\",\"url\":\"https:\/\/agency-in-ai.org\/en\/imprint\/\",\"name\":\"Imprint | Agency in AI\",\"isPartOf\":{\"@id\":\"https:\/\/agency-in-ai.org\/en\/#website\"},\"datePublished\":\"2023-07-06T17:06:08+00:00\",\"dateModified\":\"2024-06-19T15:02:04+00:00\",\"breadcrumb\":{\"@id\":\"https:\/\/agency-in-ai.org\/en\/imprint\/#breadcrumb\"},\"inLanguage\":\"en-US\",\"potentialAction\":[{\"@type\":\"ReadAction\",\"target\":[\"https:\/\/agency-in-ai.org\/en\/imprint\/\"]}]},{\"@type\":\"BreadcrumbList\",\"@id\":\"https:\/\/agency-in-ai.org\/en\/imprint\/#breadcrumb\",\"itemListElement\":[{\"@type\":\"ListItem\",\"position\":1,\"name\":\"Startseite\",\"item\":\"https:\/\/agency-in-ai.org\/en\/homepage\/\"},{\"@type\":\"ListItem\",\"position\":2,\"name\":\"Imprint\"}]},{\"@type\":\"WebSite\",\"@id\":\"https:\/\/agency-in-ai.org\/en\/#website\",\"url\":\"https:\/\/agency-in-ai.org\/en\/\",\"name\":\"Agency in AI\",\"description\":\"Lerne wie dich KI in deiner Arbeit unterst\u00fctzen kann.\",\"publisher\":{\"@id\":\"https:\/\/agency-in-ai.org\/en\/#organization\"},\"potentialAction\":[{\"@type\":\"SearchAction\",\"target\":{\"@type\":\"EntryPoint\",\"urlTemplate\":\"https:\/\/agency-in-ai.org\/en\/?s={search_term_string}\"},\"query-input\":{\"@type\":\"PropertyValueSpecification\",\"valueRequired\":true,\"valueName\":\"search_term_string\"}}],\"inLanguage\":\"en-US\"},{\"@type\":\"Organization\",\"@id\":\"https:\/\/agency-in-ai.org\/en\/#organization\",\"name\":\"Agency in AI\",\"url\":\"https:\/\/agency-in-ai.org\/en\/\",\"logo\":{\"@type\":\"ImageObject\",\"inLanguage\":\"en-US\",\"@id\":\"https:\/\/agency-in-ai.org\/en\/#\/schema\/logo\/image\/\",\"url\":\"https:\/\/agency-in-ai.org\/wp-content\/uploads\/2023\/10\/Favicon-Agency-in-AI.png\",\"contentUrl\":\"https:\/\/agency-in-ai.org\/wp-content\/uploads\/2023\/10\/Favicon-Agency-in-AI.png\",\"width\":128,\"height\":128,\"caption\":\"Agency in AI\"},\"image\":{\"@id\":\"https:\/\/agency-in-ai.org\/en\/#\/schema\/logo\/image\/\"},\"sameAs\":[\"https:\/\/www.linkedin.com\/company\/agency-in-ai\/\"]}]}<\/script>\n<!-- \/ Yoast SEO plugin. -->","yoast_head_json":{"title":"Imprint | Agency in AI","robots":{"index":"index","follow":"follow","max-snippet":"max-snippet:-1","max-image-preview":"max-image-preview:large","max-video-preview":"max-video-preview:-1"},"canonical":"https:\/\/agency-in-ai.org\/en\/imprint\/","og_locale":"en_US","og_type":"article","og_title":"Imprint | Agency in AI","og_description":"Site Notice Burkhard Pahl &amp; Alexander PiotrowskiFoundersKnaackstra\u00dfe 8410435 Berlin Contact Phone: +4930 44047334 (AM)E-mail: hello@agency-in-ai.org Person responsible for editorial Burkhard Pahl &amp; Alexander PiotrowskiKnaackstra\u00dfe 8410435 Berlin EU dispute resolution The European Commission provides a platform for online dispute resolution (ODR): https:\/\/ec.europa.eu\/consumers\/odr\/.Our e-mail address can be found above in the site notice. Dispute resolution proceedings in [&hellip;]","og_url":"https:\/\/agency-in-ai.org\/en\/imprint\/","og_site_name":"Agency in AI","article_modified_time":"2024-06-19T15:02:04+00:00","og_image":[{"width":500,"height":500,"url":"https:\/\/agency-in-ai.org\/wp-content\/uploads\/2024\/04\/5087b61e-3f57-4031-bbb3-fbc0631a8c48_web.jpg","type":"image\/jpeg"}],"twitter_card":"summary_large_image","twitter_misc":{"Est. reading time":"1 minute"},"schema":{"@context":"https:\/\/schema.org","@graph":[{"@type":"WebPage","@id":"https:\/\/agency-in-ai.org\/en\/imprint\/","url":"https:\/\/agency-in-ai.org\/en\/imprint\/","name":"Imprint | Agency in AI","isPartOf":{"@id":"https:\/\/agency-in-ai.org\/en\/#website"},"datePublished":"2023-07-06T17:06:08+00:00","dateModified":"2024-06-19T15:02:04+00:00","breadcrumb":{"@id":"https:\/\/agency-in-ai.org\/en\/imprint\/#breadcrumb"},"inLanguage":"en-US","potentialAction":[{"@type":"ReadAction","target":["https:\/\/agency-in-ai.org\/en\/imprint\/"]}]},{"@type":"BreadcrumbList","@id":"https:\/\/agency-in-ai.org\/en\/imprint\/#breadcrumb","itemListElement":[{"@type":"ListItem","position":1,"name":"Startseite","item":"https:\/\/agency-in-ai.org\/en\/homepage\/"},{"@type":"ListItem","position":2,"name":"Imprint"}]},{"@type":"WebSite","@id":"https:\/\/agency-in-ai.org\/en\/#website","url":"https:\/\/agency-in-ai.org\/en\/","name":"Agency in AI","description":"Lerne wie dich KI in deiner Arbeit unterst\u00fctzen kann.","publisher":{"@id":"https:\/\/agency-in-ai.org\/en\/#organization"},"potentialAction":[{"@type":"SearchAction","target":{"@type":"EntryPoint","urlTemplate":"https:\/\/agency-in-ai.org\/en\/?s={search_term_string}"},"query-input":{"@type":"PropertyValueSpecification","valueRequired":true,"valueName":"search_term_string"}}],"inLanguage":"en-US"},{"@type":"Organization","@id":"https:\/\/agency-in-ai.org\/en\/#organization","name":"Agency in AI","url":"https:\/\/agency-in-ai.org\/en\/","logo":{"@type":"ImageObject","inLanguage":"en-US","@id":"https:\/\/agency-in-ai.org\/en\/#\/schema\/logo\/image\/","url":"https:\/\/agency-in-ai.org\/wp-content\/uploads\/2023\/10\/Favicon-Agency-in-AI.png","contentUrl":"https:\/\/agency-in-ai.org\/wp-content\/uploads\/2023\/10\/Favicon-Agency-in-AI.png","width":128,"height":128,"caption":"Agency in AI"},"image":{"@id":"https:\/\/agency-in-ai.org\/en\/#\/schema\/logo\/image\/"},"sameAs":["https:\/\/www.linkedin.com\/company\/agency-in-ai\/"]}]}},"_links":{"self":[{"href":"https:\/\/agency-in-ai.org\/en\/wp-json\/wp\/v2\/pages\/1965","targetHints":{"allow":["GET"]}}],"collection":[{"href":"https:\/\/agency-in-ai.org\/en\/wp-json\/wp\/v2\/pages"}],"about":[{"href":"https:\/\/agency-in-ai.org\/en\/wp-json\/wp\/v2\/types\/page"}],"author":[{"embeddable":true,"href":"https:\/\/agency-in-ai.org\/en\/wp-json\/wp\/v2\/users\/1"}],"replies":[{"embeddable":true,"href":"https:\/\/agency-in-ai.org\/en\/wp-json\/wp\/v2\/comments?post=1965"}],"version-history":[{"count":10,"href":"https:\/\/agency-in-ai.org\/en\/wp-json\/wp\/v2\/pages\/1965\/revisions"}],"predecessor-version":[{"id":1982,"href":"https:\/\/agency-in-ai.org\/en\/wp-json\/wp\/v2\/pages\/1965\/revisions\/1982"}],"wp:attachment":[{"href":"https:\/\/agency-in-ai.org\/en\/wp-json\/wp\/v2\/media?parent=1965"}],"curies":[{"name":"wp","href":"https:\/\/api.w.org\/{rel}","templated":true}]}}